{"id":538,"date":"2024-09-10T00:50:43","date_gmt":"2024-09-10T00:50:43","guid":{"rendered":"https:\/\/arkdin-wp.laralink.com\/?page_id=538"},"modified":"2025-11-11T23:14:21","modified_gmt":"2025-11-11T23:14:21","slug":"testimonios","status":"publish","type":"page","link":"https:\/\/ramnathmechanical.com\/es\/testimonios\/","title":{"rendered":"Testimonios"},"content":{"rendered":"<div data-elementor-type=\"wp-page\" data-elementor-id=\"538\" class=\"elementor elementor-538\" data-elementor-post-type=\"page\">\n\t\t\t\t<div class=\"elementor-element elementor-element-0b67e18 e-con-full e-flex e-con e-parent\" data-id=\"0b67e18\" data-element_type=\"container\" data-e-type=\"container\">\n\t\t\t\t<div class=\"elementor-element elementor-element-849003c elementor-widget elementor-widget-testimonial\" data-id=\"849003c\" data-element_type=\"widget\" data-e-type=\"widget\" data-widget_type=\"testimonial.default\">\n\t\t\t\t<div class=\"elementor-widget-container\">\n\t\t\t\t\t\r\n                 <section class=\"cs_testimonial_1_section cs_bg_filed\" data-src=\"https:\/\/ramnathmechanical.com\/wp-content\/uploads\/2024\/11\/testimonial_bg.svg\">\r\n              <div class=\"cs_height_115 cs_height_lg_70\"><\/div>\r\n              <div class=\"container\">\r\n                <div class=\"row\">\r\n                  <div class=\"col-xl-6 col-lg-7\">\r\n                                        <div class=\"cs_section_heading cs_style_1\">\r\n                                            <h3 class=\"cs_section_subtitle cs_accent_color text-uppercase cs_medium cs_fs_20 cs_mb_10\">\r\n                        <img decoding=\"async\" src=\"https:\/\/ramnathmechanical.com\/wp-content\/themes\/arkdin\/assets\/img\/icons\/fan.svg\" alt=\"about1\" class=\"cs_section_subheading_icon\">\r\n                        Testimonios                      <\/h3>\r\n                                              <h1 class=\"cs_section_title cs_white_color cs_fs_48 cs_semibold mb-0\">Clientes Satisfechos<\/h1>              \r\n                    <\/div>\r\n                    <div class=\"cs_height_45 cs_height_lg_45\"><\/div>\r\n                     \r\n                    <div class=\"cs_slider cs_style_1\">\r\n                      <div class=\"cs_slider_container\" data-autoplay=\"0\" data-loop=\"1\" data-speed=\"900\" data-center=\"0\" data-variable-width=\"0\" data-slides-per-view=\"1\">\r\n                        <div class=\"cs_slider_wrapper\">\r\n                                             \r\n                          <div class=\"cs_slide\">\r\n                            <div class=\"cs_testimonial cs_style_1\">\r\n                              <div class=\"cs_rating cs_accent_color\" data-rating=\"4.5\">\r\n                                <i class=\"fa-regular fa-star\"><\/i>\r\n                                <i class=\"fa-regular fa-star\"><\/i>\r\n                                <i class=\"fa-regular fa-star\"><\/i>\r\n                                <i class=\"fa-regular fa-star\"><\/i>\r\n                                <i class=\"fa-regular fa-star\"><\/i>\r\n                                <div class=\"cs_rating_percentage\">\r\n                                  <i class=\"fa-solid fa-star fa-fw\"><\/i>\r\n                                  <i class=\"fa-solid fa-star fa-fw\"><\/i>\r\n                                  <i class=\"fa-solid fa-star fa-fw\"><\/i>\r\n                                  <i class=\"fa-solid fa-star fa-fw\"><\/i>\r\n                                  <i class=\"fa-solid fa-star fa-fw\"><\/i>\r\n                                <\/div>\r\n                              <\/div>\r\n                              <div class=\"cs_testimonial_blockquote cs_white_color cs_mb_25 cs_fs_16\">Llam\u00e9 a Ramnath cuando mi aire acondicionado dej\u00f3 de funcionar en pleno verano. Llegaron el mismo d\u00eda y resolvieron el problema r\u00e1pidamente. T\u00e9cnicos profesionales y precios justos<\/div>\r\n                              <div class=\"cs_testimonial_avatar_box\">\r\n                                <img decoding=\"async\" src=\"https:\/\/ramnathmechanical.com\/wp-content\/uploads\/2024\/11\/avatar_3.png\" alt=\"\" class=\"cs_testimonial_avatar_img\">\r\n                                <div class=\"cs_testimonial_avatar_right\">\r\n                                  <h3 class=\"cs_fs_24 cs_accent_color cs_mb_1\">Alejandro R.<\/h3>\r\n                                  <p class=\"mb-0\">Orlando FL<\/p>\r\n                                <\/div>\r\n                              <\/div>\r\n                            <\/div>\r\n                          <\/div>\r\n                                             \r\n                          <div class=\"cs_slide\">\r\n                            <div class=\"cs_testimonial cs_style_1\">\r\n                              <div class=\"cs_rating cs_accent_color\" data-rating=\"4.5\">\r\n                                <i class=\"fa-regular fa-star\"><\/i>\r\n                                <i class=\"fa-regular fa-star\"><\/i>\r\n                                <i class=\"fa-regular fa-star\"><\/i>\r\n                                <i class=\"fa-regular fa-star\"><\/i>\r\n                                <i class=\"fa-regular fa-star\"><\/i>\r\n                                <div class=\"cs_rating_percentage\">\r\n                                  <i class=\"fa-solid fa-star fa-fw\"><\/i>\r\n                                  <i class=\"fa-solid fa-star fa-fw\"><\/i>\r\n                                  <i class=\"fa-solid fa-star fa-fw\"><\/i>\r\n                                  <i class=\"fa-solid fa-star fa-fw\"><\/i>\r\n                                  <i class=\"fa-solid fa-star fa-fw\"><\/i>\r\n                                <\/div>\r\n                              <\/div>\r\n                              <div class=\"cs_testimonial_blockquote cs_white_color cs_mb_25 cs_fs_16\">El equipo de Ramnath instal\u00f3 un nuevo sistema HVAC en mi tienda. Fueron puntuales, organizados y muy atentos a cada detalle. \u00a1Excelente experiencia!<\/div>\r\n                              <div class=\"cs_testimonial_avatar_box\">\r\n                                <img decoding=\"async\" src=\"https:\/\/ramnathmechanical.com\/wp-content\/uploads\/2024\/11\/avatar_4.png\" alt=\"\" class=\"cs_testimonial_avatar_img\">\r\n                                <div class=\"cs_testimonial_avatar_right\">\r\n                                  <h3 class=\"cs_fs_24 cs_accent_color cs_mb_1\">Mar\u00eda T<\/h3>\r\n                                  <p class=\"mb-0\">Sanford FL<\/p>\r\n                                <\/div>\r\n                              <\/div>\r\n                            <\/div>\r\n                          <\/div>\r\n                                             \r\n                          <div class=\"cs_slide\">\r\n                            <div class=\"cs_testimonial cs_style_1\">\r\n                              <div class=\"cs_rating cs_accent_color\" data-rating=\"4.5\">\r\n                                <i class=\"fa-regular fa-star\"><\/i>\r\n                                <i class=\"fa-regular fa-star\"><\/i>\r\n                                <i class=\"fa-regular fa-star\"><\/i>\r\n                                <i class=\"fa-regular fa-star\"><\/i>\r\n                                <i class=\"fa-regular fa-star\"><\/i>\r\n                                <div class=\"cs_rating_percentage\">\r\n                                  <i class=\"fa-solid fa-star fa-fw\"><\/i>\r\n                                  <i class=\"fa-solid fa-star fa-fw\"><\/i>\r\n                                  <i class=\"fa-solid fa-star fa-fw\"><\/i>\r\n                                  <i class=\"fa-solid fa-star fa-fw\"><\/i>\r\n                                  <i class=\"fa-solid fa-star fa-fw\"><\/i>\r\n                                <\/div>\r\n                              <\/div>\r\n                              <div class=\"cs_testimonial_blockquote cs_white_color cs_mb_25 cs_fs_16\">Los contratamos para mantenimiento preventivo en nuestras propiedades comerciales. Han sido responsables, consistentes y muy profesionales.<\/div>\r\n                              <div class=\"cs_testimonial_avatar_box\">\r\n                                <img decoding=\"async\" src=\"https:\/\/ramnathmechanical.com\/wp-content\/uploads\/2024\/11\/avatar_2.png\" alt=\"\" class=\"cs_testimonial_avatar_img\">\r\n                                <div class=\"cs_testimonial_avatar_right\">\r\n                                  <h3 class=\"cs_fs_24 cs_accent_color cs_mb_1\">Luis G., Altamonte<\/h3>\r\n                                  <p class=\"mb-0\">Springs FL<\/p>\r\n                                <\/div>\r\n                              <\/div>\r\n                            <\/div>\r\n                          <\/div>\r\n                                                <\/div>\r\n                        <div class=\"cs_pagination cs_style_2\"><\/div>\r\n                      <\/div>\r\n                    <\/div>\r\n                  <\/div>\r\n                <\/div>\r\n              <\/div>\r\n              <div class=\"cs_testimonial_1_thumb\" data-src=\"https:\/\/ramnathmechanical.com\/wp-content\/uploads\/2024\/11\/get_a_quote_img.jpg\">\r\n                <div class=\"cs_testimonial_1_quote_wrap\">\r\n                  <div class=\"cs_testimonial_1_quote cs_accent_bg cs_center wow zoomIn\" data-wow-duration=\"0.9s\" data-wow-delay=\"0.25s\">\r\n                    <svg width=\"40\" height=\"30\" viewbox=\"0 0 40 30\" fill=\"none\" xmlns=\"http:\/\/www.w3.org\/2000\/svg\">\r\n                      <path d=\"M15 0H3.75C1.68213 0 0 1.68213 0 3.75V15C0 17.0679 1.68213 18.75 3.75 18.75H8.79578L6.89819 28.5114C6.82678 28.8782 6.92321 29.2572 7.16064 29.5453C7.39806 29.8334 7.75146 30 8.125 30H12.1747C13.2617 30 14.2279 29.2889 14.5569 28.2593L18.1958 19.6277C18.2165 19.5783 18.2342 19.5276 18.2483 19.4763C18.5815 18.2788 18.75 17.0404 18.75 15.7959V3.75C18.75 1.68213 17.0679 0 15 0Z\" fill=\"white\"\/>\r\n                      <path d=\"M36.25 0H25C22.9321 0 21.25 1.68213 21.25 3.75V15C21.25 17.0679 22.9321 18.75 25 18.75H30.0464L28.1482 28.5114C28.0762 28.8782 28.1726 29.2572 28.4106 29.5453C28.6475 29.8334 29.0015 30 29.375 30H33.4253C34.5129 30 35.4785 29.2889 35.8069 28.2587L39.4458 19.6277C39.4665 19.5782 39.4836 19.5276 39.4983 19.4763C39.8315 18.2776 40 17.0392 40 15.7959V3.75C40 1.68213 38.3179 0 36.25 0Z\" fill=\"white\"\/>\r\n                    <\/svg>            \r\n                  <\/div>\r\n                <\/div>\r\n              <\/div>\r\n              <div class=\"cs_height_120 cs_height_lg_80\"><\/div>\r\n            <\/section>\r\n\r\n        \r\n\r\n    \t\t\t\t<\/div>\n\t\t\t\t<\/div>\n\t\t\t\t<\/div>\n\t\t<div class=\"elementor-element elementor-element-c589444 e-flex e-con-boxed e-con e-parent\" data-id=\"c589444\" data-element_type=\"container\" data-e-type=\"container\">\n\t\t\t\t\t<div class=\"e-con-inner\">\n\t\t\t\t<div class=\"elementor-element elementor-element-dd10eb1 elementor-widget elementor-widget-html\" data-id=\"dd10eb1\" data-element_type=\"widget\" data-e-type=\"widget\" data-widget_type=\"html.default\">\n\t\t\t\t<div class=\"elementor-widget-container\">\n\t\t\t\t\t<style>\n    @media screen and (max-width: 1199px) {\n    .cs_nav .cs_nav_list.cs_active {\n        padding-top: 150px;\n    }\n}\n<\/style>\t\t\t\t<\/div>\n\t\t\t\t<\/div>\n\t\t\t\t\t<\/div>\n\t\t\t\t<\/div>\n\t\t\t\t<\/div>","protected":false},"excerpt":{"rendered":"<p>Testimonials Satisfied Clients I called Ramnath when my air conditioner stopped working in the middle of summer. They arrived the same day and quickly fixed the problem. Professional technicians and fair prices. Alejandro R. Orlando FL The Ramnath team installed a new HVAC system in my store. They were punctual, organized, and very attentive to [&hellip;]<\/p>","protected":false},"author":1,"featured_media":0,"parent":0,"menu_order":0,"comment_status":"closed","ping_status":"closed","template":"elementor_header_footer","meta":{"_acf_changed":false,"footnotes":""},"class_list":["post-538","page","type-page","status-publish","hentry"],"acf":[],"_links":{"self":[{"href":"https:\/\/ramnathmechanical.com\/es\/wp-json\/wp\/v2\/pages\/538","targetHints":{"allow":["GET"]}}],"collection":[{"href":"https:\/\/ramnathmechanical.com\/es\/wp-json\/wp\/v2\/pages"}],"about":[{"href":"https:\/\/ramnathmechanical.com\/es\/wp-json\/wp\/v2\/types\/page"}],"author":[{"embeddable":true,"href":"https:\/\/ramnathmechanical.com\/es\/wp-json\/wp\/v2\/users\/1"}],"replies":[{"embeddable":true,"href":"https:\/\/ramnathmechanical.com\/es\/wp-json\/wp\/v2\/comments?post=538"}],"version-history":[{"count":27,"href":"https:\/\/ramnathmechanical.com\/es\/wp-json\/wp\/v2\/pages\/538\/revisions"}],"predecessor-version":[{"id":1406,"href":"https:\/\/ramnathmechanical.com\/es\/wp-json\/wp\/v2\/pages\/538\/revisions\/1406"}],"wp:attachment":[{"href":"https:\/\/ramnathmechanical.com\/es\/wp-json\/wp\/v2\/media?parent=538"}],"curies":[{"name":"wp","href":"https:\/\/api.w.org\/{rel}","templated":true}]}}