{"id":232,"date":"2024-09-09T14:08:21","date_gmt":"2024-09-09T14:08:21","guid":{"rendered":"https:\/\/arkdin-wp.laralink.com\/?page_id=232"},"modified":"2026-04-14T14:27:54","modified_gmt":"2026-04-14T14:27:54","slug":"contacto","status":"publish","type":"page","link":"https:\/\/ramnathmechanical.com\/es\/contacto\/","title":{"rendered":"Cont\u00e1ctanos"},"content":{"rendered":"<div data-elementor-type=\"wp-page\" data-elementor-id=\"232\" class=\"elementor elementor-232\" data-elementor-post-type=\"page\">\n\t\t\t\t<div class=\"elementor-element elementor-element-d4deb48 e-con-full e-flex e-con e-parent\" data-id=\"d4deb48\" data-element_type=\"container\" data-e-type=\"container\">\n\t\t\t\t<div class=\"elementor-element elementor-element-14e1889 elementor-widget elementor-widget-contact-info\" data-id=\"14e1889\" data-element_type=\"widget\" data-e-type=\"widget\" data-widget_type=\"contact-info.default\">\n\t\t\t\t<div class=\"elementor-widget-container\">\n\t\t\t\t\t\r\n    <!-- Start Contact Section -->\r\n    <section>\r\n      <div class=\"cs_height_120 cs_height_lg_80\"><\/div>\r\n      <div class=\"container\">\r\n        <div class=\"row cs_gap_y_50\">\r\n          <div class=\"col-xxl-6 col-lg-7\">\r\n                        <h2 class=\"cs_fs_48 cs_semibold cs_mb_22\">\u00bfNecesitas servicio HVAC confiable?<\/h2>\r\n                                    <p class=\"cs_mb_30\">En Ramnath Air Conditioning &amp; Mechanical* estamos listos para ayudarte. Ya sea que necesites una reparaci\u00f3n urgente, quieras programar una evaluaci\u00f3n gratuita o est\u00e9s considerando actualizar tu sistema, nuestro equipo est\u00e1 a solo una llamada o mensaje de distancia.<\/p>\r\n                        <div class=\"row cs_gap_y_30 cs_row_gap_30\">\r\n                              <div class=\"col-xl-6\">\r\n                <div class=\"cs_iconbox cs_style_3\">\r\n                  <div class=\"cs_iconbox_icon cs_center\">\r\n                    <img decoding=\"async\" src=\"https:\/\/ramnathmechanical.com\/wp-content\/uploads\/2024\/11\/contact_icon_2.svg\" alt=\"\">\r\n                  <\/div>\r\n                  <div class=\"cs_iconbox_right\">\r\n                    <h3 class=\"cs_fs_20 cs_medium cs_mb_5\">N\u00famero de tel\u00e9fono<\/h3>\r\n                    <p class=\"mb-0\">+1 407-990-0043<\/p>\r\n                  <\/div>\r\n                <\/div>\r\n              <\/div>\r\n                          <div class=\"col-xl-6\">\r\n                <div class=\"cs_iconbox cs_style_3\">\r\n                  <div class=\"cs_iconbox_icon cs_center\">\r\n                    <img decoding=\"async\" src=\"https:\/\/ramnathmechanical.com\/wp-content\/uploads\/2024\/11\/contact_icon_3.svg\" alt=\"\">\r\n                  <\/div>\r\n                  <div class=\"cs_iconbox_right\">\r\n                    <h3 class=\"cs_fs_20 cs_medium cs_mb_5\">Correo electr\u00f3nico<\/h3>\r\n                    <p class=\"mb-0\">info@ramnathmechanical.com<\/p>\r\n                  <\/div>\r\n                <\/div>\r\n              <\/div>\r\n                        <\/div>\r\n            <div class=\"cs_height_35 cs_height_lg_35\"><\/div>\r\n\r\n                            <h3 class=\"cs_fs_24 cs_semibold cs_mb_10\">S\u00edguenos en:<\/h3>\r\n                                    <div class=\"cs_social_btns cs_style_1 cs_type_1\">\r\n                              <a href=\"https:\/\/www.facebook.com\/RamnathAirConditioning\" class=\"cs_social_btn cs_center\">\r\n                <i class=\"fa-brands fa-facebook-f\"><\/i>\r\n              <\/a>\r\n                          <\/div>\r\n          <\/div>\r\n          <div class=\"col-xxl-5 offset-xxl-1 col-lg-5\">\r\n                        <div action=\"#\" class=\"cs_contact_form\">\r\n              <h2 class=\"text-center cs_fs_36 cs_semibold\">Formulario de Contacto<\/h2>\r\n                \n<div class=\"wpcf7 no-js\" id=\"wpcf7-f83-o1\" lang=\"en-US\" dir=\"ltr\" data-wpcf7-id=\"83\">\n<div class=\"screen-reader-response\"><p role=\"status\" aria-live=\"polite\" aria-atomic=\"true\"><\/p> <ul><\/ul><\/div>\n<form action=\"\/es\/wp-json\/wp\/v2\/pages\/232#wpcf7-f83-o1\" method=\"post\" class=\"wpcf7-form init\" aria-label=\"Contact form\" novalidate=\"novalidate\" data-status=\"init\" data-trp-original-action=\"\/es\/wp-json\/wp\/v2\/pages\/232#wpcf7-f83-o1\">\n<div style=\"display: none;\">\n<input type=\"hidden\" name=\"_wpcf7\" value=\"83\" \/>\n<input type=\"hidden\" name=\"_wpcf7_version\" value=\"6.0.6\" \/>\n<input type=\"hidden\" name=\"_wpcf7_locale\" value=\"en_US\" \/>\n<input type=\"hidden\" name=\"_wpcf7_unit_tag\" value=\"wpcf7-f83-o1\" \/>\n<input type=\"hidden\" name=\"_wpcf7_container_post\" value=\"0\" \/>\n<input type=\"hidden\" name=\"_wpcf7_posted_data_hash\" value=\"\" \/>\n<\/div>\n<span class=\"wpcf7-form-control-wrap\" data-name=\"text-293\"><input size=\"40\" maxlength=\"400\" class=\"wpcf7-form-control wpcf7-text wpcf7-validates-as-required cs_form_field cs_mb_22\" aria-required=\"true\" aria-invalid=\"false\" placeholder=\"Nombre\" value=\"\" type=\"text\" name=\"text-293\" \/><\/span>\n<span class=\"wpcf7-form-control-wrap\" data-name=\"email-18\"><input size=\"40\" maxlength=\"400\" class=\"wpcf7-form-control wpcf7-email wpcf7-validates-as-required wpcf7-text wpcf7-validates-as-email cs_form_field cs_mb_22\" aria-required=\"true\" aria-invalid=\"false\" placeholder=\"Correo\" value=\"\" type=\"email\" name=\"email-18\" \/><\/span>\n<span class=\"wpcf7-form-control-wrap\" data-name=\"text-294\"><input size=\"40\" maxlength=\"400\" class=\"wpcf7-form-control wpcf7-text wpcf7-validates-as-required cs_form_field cs_mb_22\" aria-required=\"true\" aria-invalid=\"false\" placeholder=\"Asunto\" value=\"\" type=\"text\" name=\"text-294\" \/><\/span>\n<span class=\"wpcf7-form-control-wrap\" data-name=\"textarea-728\"><textarea cols=\"30\" rows=\"4\" maxlength=\"2000\" class=\"wpcf7-form-control wpcf7-textarea wpcf7-validates-as-required cs_form_field cs_mb_22\" aria-required=\"true\" aria-invalid=\"false\" placeholder=\"Escriba su mensaje...\" name=\"textarea-728\"><\/textarea><\/span>\n<input class=\"wpcf7-form-control wpcf7-submit has-spinner cs_btn cs_style_1 w-100\" type=\"submit\" value=\"Enviar\" \/><div class=\"wpcf7-response-output\" aria-hidden=\"true\"><\/div>\n<input type=\"hidden\" name=\"trp-form-language\" value=\"es\"\/><\/form>\n<\/div>\n            <\/div>\r\n                      <\/div>\r\n\r\n        <\/div>\r\n      <\/div>\r\n      <div class=\"cs_height_120 cs_height_lg_80\"><\/div>\r\n    <\/section>\r\n    <!-- End Contact Section -->\r\n    <!-- Start Map Section -->\r\n        <!-- End Map Section -->\r\n\r\n\r\n    \t\t\t\t<\/div>\n\t\t\t\t<\/div>\n\t\t\t\t<\/div>\n\t\t<div class=\"elementor-element elementor-element-253a782 e-flex e-con-boxed e-con e-parent\" data-id=\"253a782\" data-element_type=\"container\" data-e-type=\"container\">\n\t\t\t\t\t<div class=\"e-con-inner\">\n\t\t\t\t<div class=\"elementor-element elementor-element-9974a15 elementor-widget elementor-widget-html\" data-id=\"9974a15\" data-element_type=\"widget\" data-e-type=\"widget\" data-widget_type=\"html.default\">\n\t\t\t\t<div class=\"elementor-widget-container\">\n\t\t\t\t\t<style>\n    \/* Convierte las dos columnas de contacto en una sola columna vertical *\/\n.row.cs_gap_y_30,\n.row.cs_row_gap_30 {\n  display: flex;\n  flex-direction: column !important;\n  align-items: stretch !important;\n}\n\n\/* Ajusta cada columna al ancho completo *\/\n.row.cs_gap_y_30 .col-xl-6,\n.row.cs_row_gap_30 .col-xl-6 {\n  width: 100% !important;\n  max-width: 100% !important;\n  padding-left: 0 !important;\n  padding-right: 0 !important;\n  margin-bottom: 20px;\n}\n\n\/* Asegura que los iconos y textos sigan alineados correctamente *\/\n.cs_iconbox {\n  display: flex;\n  align-items: center;\n  gap: 15px;\n  width: 100%;\n}\n\n\/* Centra los \u00edconos si lo prefieres *\/\n.cs_iconbox_icon {\n  display: flex;\n  justify-content: center;\n  align-items: center;\n}\n\n\/* Corrige posibles m\u00e1rgenes extra del tema *\/\n.cs_iconbox_right {\n  width: 100%;\n}\n\n<\/style>\t\t\t\t<\/div>\n\t\t\t\t<\/div>\n\t\t\t\t<div class=\"elementor-element elementor-element-da2475e elementor-widget elementor-widget-html\" data-id=\"da2475e\" data-element_type=\"widget\" data-e-type=\"widget\" data-widget_type=\"html.default\">\n\t\t\t\t<div class=\"elementor-widget-container\">\n\t\t\t\t\t<style>\n    @media screen and (max-width: 1199px) {\n    .cs_nav .cs_nav_list.cs_active {\n        padding-top: 150px;\n    }\n}\n<\/style>\t\t\t\t<\/div>\n\t\t\t\t<\/div>\n\t\t\t\t\t<\/div>\n\t\t\t\t<\/div>\n\t\t\t\t<\/div>","protected":false},"excerpt":{"rendered":"<p>Need reliable HVAC service? At Ramnath Air Conditioning &amp; Mechanical, we\u2019re ready to help. Whether you need an urgent repair, want to schedule a free evaluation, or are considering upgrading your system, our team is just a call or message away. Phone Number +1 407-990-0043 Email Address info@ramnathmechanical.com Follow us on: Contact Form<\/p>","protected":false},"author":1,"featured_media":0,"parent":0,"menu_order":0,"comment_status":"closed","ping_status":"closed","template":"elementor_header_footer","meta":{"_acf_changed":false,"footnotes":""},"class_list":["post-232","page","type-page","status-publish","hentry"],"acf":[],"_links":{"self":[{"href":"https:\/\/ramnathmechanical.com\/es\/wp-json\/wp\/v2\/pages\/232","targetHints":{"allow":["GET"]}}],"collection":[{"href":"https:\/\/ramnathmechanical.com\/es\/wp-json\/wp\/v2\/pages"}],"about":[{"href":"https:\/\/ramnathmechanical.com\/es\/wp-json\/wp\/v2\/types\/page"}],"author":[{"embeddable":true,"href":"https:\/\/ramnathmechanical.com\/es\/wp-json\/wp\/v2\/users\/1"}],"replies":[{"embeddable":true,"href":"https:\/\/ramnathmechanical.com\/es\/wp-json\/wp\/v2\/comments?post=232"}],"version-history":[{"count":40,"href":"https:\/\/ramnathmechanical.com\/es\/wp-json\/wp\/v2\/pages\/232\/revisions"}],"predecessor-version":[{"id":1522,"href":"https:\/\/ramnathmechanical.com\/es\/wp-json\/wp\/v2\/pages\/232\/revisions\/1522"}],"wp:attachment":[{"href":"https:\/\/ramnathmechanical.com\/es\/wp-json\/wp\/v2\/media?parent=232"}],"curies":[{"name":"wp","href":"https:\/\/api.w.org\/{rel}","templated":true}]}}