{"id":230,"date":"2024-09-09T14:07:47","date_gmt":"2024-09-09T14:07:47","guid":{"rendered":"https:\/\/arkdin-wp.laralink.com\/?page_id=230"},"modified":"2026-04-06T15:52:35","modified_gmt":"2026-04-06T15:52:35","slug":"nosotros","status":"publish","type":"page","link":"https:\/\/ramnathmechanical.com\/es\/nosotros\/","title":{"rendered":"Sobre nosotros"},"content":{"rendered":"<div data-elementor-type=\"wp-page\" data-elementor-id=\"230\" class=\"elementor elementor-230\" data-elementor-post-type=\"page\">\n\t\t\t\t<div class=\"elementor-element elementor-element-4a2ec68 e-con-full e-flex e-con e-parent\" data-id=\"4a2ec68\" data-element_type=\"container\" data-e-type=\"container\">\n\t\t\t\t<div class=\"elementor-element elementor-element-4d64e6c elementor-widget elementor-widget-about\" data-id=\"4d64e6c\" data-element_type=\"widget\" data-e-type=\"widget\" data-widget_type=\"about.default\">\n\t\t\t\t<div class=\"elementor-widget-container\">\n\t\t\t\t\t\r\n        \r\n        <section>\r\n              <div class=\"cs_height_120 cs_height_lg_80\"><\/div>\r\n              <div class=\"cs_about cs_style_1\">\r\n                <div class=\"container\">\r\n                  <div class=\"row align-items-center cs_gap_y_40\">\r\n                    <div class=\"col-xl-6 wow fadeInLeft\" data-wow-duration=\"0.9s\" data-wow-delay=\"0.25s\">\r\n                      <div class=\"cs_about_thumb\">\r\n                        <img decoding=\"async\" src=\"https:\/\/ramnathmechanical.com\/wp-content\/uploads\/2024\/11\/about_img_2.png\" alt=\"\">\r\n                      <\/div>\r\n                    <\/div>\r\n                    <div class=\"col-xl-6\">\r\n                      <div class=\"cs_about_content\">\r\n                                                <div class=\"cs_section_heading cs_style_1 cs_mb_22\">\r\n                                                      <h3 class=\"cs_section_subtitle cs_accent_color text-uppercase cs_medium cs_fs_20 cs_mb_10\">\r\n                            <img decoding=\"async\" src=\"https:\/\/ramnathmechanical.com\/wp-content\/themes\/arkdin\/assets\/img\/icons\/fan.svg\" alt=\"about1\" class=\"cs_section_subheading_icon\">\r\n                            Sobre nosotros                          <\/h3>\r\n                                                   <h1 class=\"cs_section_title cs_fs_48 cs_semibold mb-\">Over 30 Years of Experience<\/h1>                   \r\n                        <\/div>\r\n                                                 <p class=\"cs_mb_30\">Founded with the mission of providing high-quality, reliable HVAC services, Ramnath Air Conditioning &amp; Mechanical has established itself as a leading company in the central Florida area. Our track record of more than ten years is a testament to our commitment to customer satisfaction and professionalism in every project.\n\nWe are proud to be a local company that understands the unique needs of residents and businesses in the region. Our team is made up of certified technicians who receive ongoing training in the latest technologies, allowing us to offer modern, efficient, and durable solutions.<\/p>\r\n                                                \r\n                        <div class=\"cs_list_2_wrap\">\r\n                          <ul class=\"cs_list cs_style_2 cs_mp_0 cs_fs_24 cs_semibold cs_heading_font\">\r\n                                                      <li>Trayectoria que Respaldamos<\/li>\r\n                                                       <li>Expertos en Confort HVAC<\/li>\r\n                                                       <li>Compromiso con tu Bienestar<\/li>\r\n                                                     <\/ul>\r\n                          <div class=\"cs_list_experience\">\r\n                                                         <h3 class=\"cs_mb_8 cs_fs_24 cs_semibold\">Experiencia<\/h3>\r\n                                                                                    <h2 class=\"mb-0 cs_fs_80 cs_body_font\">30+<\/h2>\r\n                                                      <\/div>\r\n                        <\/div>\r\n                        <div class=\"cs_height_40 cs_height_lg_30\"><\/div>\r\n                        <div class=\"cs_about_btns\">\r\n                          <a href=\"https:\/\/ramnathmechanical.com\/es\/contacto\/\" target=\"_self\" rel=\"nofollow\" class=\"cs_btn cs_style_1\">\r\n                            <span>Cont\u00e1ctanos<\/span>\r\n                            <svg width=\"14\" height=\"13\" viewbox=\"0 0 14 13\" fill=\"none\" xmlns=\"http:\/\/www.w3.org\/2000\/svg\">\r\n                              <path d=\"M8.28125 0.71875L13.7812 5.96875C13.9271 6.11458 14 6.29167 14 6.5C14 6.70833 13.9271 6.88542 13.7812 7.03125L8.28125 12.2812C7.90625 12.5729 7.55208 12.5729 7.21875 12.2812C6.92708 11.9062 6.92708 11.5521 7.21875 11.2188L11.375 7.25H0.75C0.291667 7.20833 0.0416667 6.95833 0 6.5C0.0416667 6.04167 0.291667 5.79167 0.75 5.75H11.375L7.21875 1.78125C6.92708 1.44792 6.92708 1.09375 7.21875 0.71875C7.55208 0.427083 7.90625 0.427083 8.28125 0.71875Z\" fill=\"currentColor\"><\/path>\r\n                            <\/svg>                \r\n                          <\/a>\r\n                          <div class=\"cs_about_avatar\">\r\n                            <div class=\"cs_about_avatar_thumb\">\r\n                              <img decoding=\"async\" src=\"https:\/\/ramnathmechanical.com\/wp-content\/uploads\/2024\/09\/service_details_3.jpg\" alt=\"\">\r\n                            <\/div>\r\n                            <div class=\"cs_about_phone_number_right\">\r\n                                                             <h3 class=\"cs_fs_20 cs_medium cs_mb_5\">Ll\u00e1menos  <\/h3>\r\n                                                                                          <p class=\"mb-0\">+1 407-990-0043\n<\/p>\r\n                                                          <\/div>\r\n                          <\/div>\r\n                        <\/div>\r\n                      <\/div>\r\n                    <\/div>\r\n                  <\/div>\r\n                <\/div>\r\n              <\/div>\r\n              <div class=\"cs_height_120 cs_height_lg_80\"><\/div>\r\n            <\/section>       \r\n\r\n\r\n        \r\n    \t\t\t\t<\/div>\n\t\t\t\t<\/div>\n\t\t\t\t<\/div>\n\t\t<div class=\"elementor-element elementor-element-81c5425 e-con-full e-flex e-con e-parent\" data-id=\"81c5425\" data-element_type=\"container\" data-e-type=\"container\">\n\t\t\t\t<div class=\"elementor-element elementor-element-48d7eb4 elementor-widget elementor-widget-tp-award\" data-id=\"48d7eb4\" data-element_type=\"widget\" data-e-type=\"widget\" data-widget_type=\"tp-award.default\">\n\t\t\t\t<div class=\"elementor-widget-container\">\n\t\t\t\t\t\r\n            <section class=\"cs_bg_filed\" data-src=\"https:\/\/ramnathmechanical.com\/wp-content\/uploads\/2024\/11\/how_to_work_bg.svg\">\r\n              <div class=\"cs_height_115 cs_height_lg_70\"><\/div>\r\n              <div class=\"container\">\r\n                                <div class=\"cs_section_heading_1_with_sub\">\r\n                  <div class=\"cs_section_heading cs_style_1\">\r\n                                        <h3 class=\"cs_section_subtitle cs_accent_color text-uppercase cs_medium cs_fs_20 cs_mb_10 wow fadeInLeft\" data-wow-duration=\"0.9s\" data-wow-delay=\"0.25s\">\r\n                      <img decoding=\"async\" src=\"https:\/\/ramnathmechanical.com\/wp-content\/themes\/arkdin\/assets\/img\/icons\/fan.svg\" alt=\"shpae\" class=\"cs_section_subheading_icon\">\r\n                     \u00bfC\u00f3mo Trabajamos?                    <\/h3>\r\n                                        <h1 class=\"cs_section_title cs_fs_48 cs_semibold mb-0\">Un proceso simple y efectivo<\/h1>                    \r\n                  <\/div>\r\n                                    <p class=\"mb-0\">Mantener limpia la unidad exterior y sellar fugas en casa mejora la eficiencia energ\u00e9tica.<\/p>\r\n                                  <\/div>\r\n                <div class=\"cs_height_45 cs_height_lg_45\"><\/div>\r\n                                <div class=\"cs_card_1_wrap\">\r\n\r\n                \r\n                                  <div class=\"cs_card_1_col\">\r\n                    <div class=\"cs_card cs_style_1\">\r\n                      <div class=\"cs_card_in cs_white_bg\">\r\n\r\n                        <div class=\"cs_card_icon cs_center cs_mb_30\">\r\n                          <img decoding=\"async\" src=\"https:\/\/ramnathmechanical.com\/wp-content\/uploads\/2024\/11\/how_to_work_icon_1.svg\" alt=\"\">\r\n                        <\/div>\r\n\r\n                        <h3 class=\"cs_fs_24 cs_semibold cs_mb_6\">Sistema EcoConfort<\/h3>\r\n                        <p class=\"cs_fs_14 cs_mb_25\">Actualiza tu sistema con tecnolog\u00eda HVAC moderna y eficiente para mayor ahorro y confort duradero.\n<\/p>\r\n                        <a href=\"\/es\/contacto\/\" class=\"cs_text_btn cs_fs_14 text-uppercase cs_heading_color cs_bold\">\r\n                          READ MORE                          <svg width=\"14\" height=\"14\" viewbox=\"0 0 14 14\" fill=\"none\" xmlns=\"http:\/\/www.w3.org\/2000\/svg\">\r\n                            <path d=\"M8.28125 1.21875L13.7812 6.46875C13.9271 6.61458 14 6.79167 14 7C14 7.20833 13.9271 7.38542 13.7812 7.53125L8.28125 12.7812C7.90625 13.0729 7.55208 13.0729 7.21875 12.7812C6.92708 12.4062 6.92708 12.0521 7.21875 11.7188L11.375 7.75H0.75C0.291667 7.70833 0.0416667 7.45833 0 7C0.0416667 6.54167 0.291667 6.29167 0.75 6.25H11.375L7.21875 2.28125C6.92708 1.94792 6.92708 1.59375 7.21875 1.21875C7.55208 0.927083 7.90625 0.927083 8.28125 1.21875Z\" fill=\"currentColor\"><\/path>\r\n                          <\/svg>                    \r\n                        <\/a>\r\n                      <\/div>\r\n                      <div class=\"cs_card_shape\">\r\n                        <svg width=\"305\" height=\"145\" viewbox=\"0 0 305 145\" fill=\"none\" xmlns=\"http:\/\/www.w3.org\/2000\/svg\">\r\n                          <path d=\"M274.465 30.698L35.5518 41.3918L0 6.19539V120.27C0 133.924 11.1913 145 24.9875 145H280.012C293.809 145 305 133.924 305 120.27V0.478516L274.465 30.698Z\" fill=\"currentColor\"\/>\r\n                        <\/svg>                  \r\n                      <\/div>\r\n                    <\/div>\r\n                  <\/div>\r\n\r\n                  \r\n                  \r\n                                 \r\n                  <div class=\"cs_card_1_col\">\r\n                    <div class=\"cs_card cs_style_1 cs_type_1\">\r\n                      <div class=\"cs_card_in cs_white_bg\">\r\n                        <h3 class=\"cs_fs_24 cs_semibold cs_mb_6\">Instalaciones Profesionales<\/h3>\r\n                        <p class=\"cs_fs_14 cs_mb_25\">Realizamos instalaciones completas y seguras para hogares y negocios, ajustadas a tus necesidades.\n\n<\/p>\r\n                        <a href=\"\/es\/contacto\/\" class=\"cs_text_btn cs_fs_14 text-uppercase cs_heading_color cs_bold cs_mb_30\">\r\n                          READ MORE                          <svg width=\"14\" height=\"14\" viewbox=\"0 0 14 14\" fill=\"none\" xmlns=\"http:\/\/www.w3.org\/2000\/svg\">\r\n                            <path d=\"M8.28125 1.21875L13.7812 6.46875C13.9271 6.61458 14 6.79167 14 7C14 7.20833 13.9271 7.38542 13.7812 7.53125L8.28125 12.7812C7.90625 13.0729 7.55208 13.0729 7.21875 12.7812C6.92708 12.4062 6.92708 12.0521 7.21875 11.7188L11.375 7.75H0.75C0.291667 7.70833 0.0416667 7.45833 0 7C0.0416667 6.54167 0.291667 6.29167 0.75 6.25H11.375L7.21875 2.28125C6.92708 1.94792 6.92708 1.59375 7.21875 1.21875C7.55208 0.927083 7.90625 0.927083 8.28125 1.21875Z\" fill=\"currentColor\"><\/path>\r\n                          <\/svg>                    \r\n                        <\/a>\r\n\r\n                        <div class=\"cs_card_icon cs_center\">\r\n                          <img decoding=\"async\" src=\"https:\/\/ramnathmechanical.com\/wp-content\/uploads\/2024\/11\/how_to_work_icon_2.svg\" alt=\"\">\r\n                        <\/div>\r\n                        \r\n                      <\/div>\r\n                      <div class=\"cs_card_shape\">\r\n                        <svg width=\"305\" height=\"146\" viewbox=\"0 0 305 146\" fill=\"none\" xmlns=\"http:\/\/www.w3.org\/2000\/svg\">\r\n                          <path d=\"M274.465 115.014L35.5518 104.253L0 139.669V24.883C0 11.1442 11.1913 -0.000549316 24.9875 -0.000549316H280.012C293.809 -0.000549316 305 11.1442 305 24.883V145.422L274.465 115.014Z\" fill=\"currentColor\"\/>\r\n                        <\/svg>                                   \r\n                      <\/div>\r\n                    <\/div>\r\n                  <\/div>\r\n\r\n                  \r\n                  \r\n                                  <div class=\"cs_card_1_col\">\r\n                    <div class=\"cs_card cs_style_1\">\r\n                      <div class=\"cs_card_in cs_white_bg\">\r\n\r\n                        <div class=\"cs_card_icon cs_center cs_mb_30\">\r\n                          <img decoding=\"async\" src=\"https:\/\/ramnathmechanical.com\/wp-content\/uploads\/2024\/11\/how_to_work_icon_3.svg\" alt=\"\">\r\n                        <\/div>\r\n\r\n                        <h3 class=\"cs_fs_24 cs_semibold cs_mb_6\">Optimizaci\u00f3n de Flujo de Aire<\/h3>\r\n                        <p class=\"cs_fs_14 cs_mb_25\">Instalaci\u00f3n y configuraci\u00f3n para mejorar el rendimiento, distribuci\u00f3n y eficiencia del sistema.<\/p>\r\n                        <a href=\"\/es\/contacto\/\" class=\"cs_text_btn cs_fs_14 text-uppercase cs_heading_color cs_bold\">\r\n                          READ MORE                          <svg width=\"14\" height=\"14\" viewbox=\"0 0 14 14\" fill=\"none\" xmlns=\"http:\/\/www.w3.org\/2000\/svg\">\r\n                            <path d=\"M8.28125 1.21875L13.7812 6.46875C13.9271 6.61458 14 6.79167 14 7C14 7.20833 13.9271 7.38542 13.7812 7.53125L8.28125 12.7812C7.90625 13.0729 7.55208 13.0729 7.21875 12.7812C6.92708 12.4062 6.92708 12.0521 7.21875 11.7188L11.375 7.75H0.75C0.291667 7.70833 0.0416667 7.45833 0 7C0.0416667 6.54167 0.291667 6.29167 0.75 6.25H11.375L7.21875 2.28125C6.92708 1.94792 6.92708 1.59375 7.21875 1.21875C7.55208 0.927083 7.90625 0.927083 8.28125 1.21875Z\" fill=\"currentColor\"><\/path>\r\n                          <\/svg>                    \r\n                        <\/a>\r\n                      <\/div>\r\n                      <div class=\"cs_card_shape\">\r\n                        <svg width=\"305\" height=\"145\" viewbox=\"0 0 305 145\" fill=\"none\" xmlns=\"http:\/\/www.w3.org\/2000\/svg\">\r\n                          <path d=\"M274.465 30.698L35.5518 41.3918L0 6.19539V120.27C0 133.924 11.1913 145 24.9875 145H280.012C293.809 145 305 133.924 305 120.27V0.478516L274.465 30.698Z\" fill=\"currentColor\"\/>\r\n                        <\/svg>                  \r\n                      <\/div>\r\n                    <\/div>\r\n                  <\/div>\r\n\r\n                  \r\n                  \r\n                                 \r\n                  <div class=\"cs_card_1_col\">\r\n                    <div class=\"cs_card cs_style_1 cs_type_1\">\r\n                      <div class=\"cs_card_in cs_white_bg\">\r\n                        <h3 class=\"cs_fs_24 cs_semibold cs_mb_6\">Servicio de Emergencia<\/h3>\r\n                        <p class=\"cs_fs_14 cs_mb_25\">Atendemos fallos urgentes con diagn\u00f3stico r\u00e1pido y soluciones efectivas, las 24 horas.<\/p>\r\n                        <a href=\"\/es\/contacto\/\" class=\"cs_text_btn cs_fs_14 text-uppercase cs_heading_color cs_bold cs_mb_30\">\r\n                          READ MORE                          <svg width=\"14\" height=\"14\" viewbox=\"0 0 14 14\" fill=\"none\" xmlns=\"http:\/\/www.w3.org\/2000\/svg\">\r\n                            <path d=\"M8.28125 1.21875L13.7812 6.46875C13.9271 6.61458 14 6.79167 14 7C14 7.20833 13.9271 7.38542 13.7812 7.53125L8.28125 12.7812C7.90625 13.0729 7.55208 13.0729 7.21875 12.7812C6.92708 12.4062 6.92708 12.0521 7.21875 11.7188L11.375 7.75H0.75C0.291667 7.70833 0.0416667 7.45833 0 7C0.0416667 6.54167 0.291667 6.29167 0.75 6.25H11.375L7.21875 2.28125C6.92708 1.94792 6.92708 1.59375 7.21875 1.21875C7.55208 0.927083 7.90625 0.927083 8.28125 1.21875Z\" fill=\"currentColor\"><\/path>\r\n                          <\/svg>                    \r\n                        <\/a>\r\n\r\n                        <div class=\"cs_card_icon cs_center\">\r\n                          <img decoding=\"async\" src=\"https:\/\/ramnathmechanical.com\/wp-content\/uploads\/2024\/11\/how_to_work_icon_4.svg\" alt=\"\">\r\n                        <\/div>\r\n                        \r\n                      <\/div>\r\n                      <div class=\"cs_card_shape\">\r\n                        <svg width=\"305\" height=\"146\" viewbox=\"0 0 305 146\" fill=\"none\" xmlns=\"http:\/\/www.w3.org\/2000\/svg\">\r\n                          <path d=\"M274.465 115.014L35.5518 104.253L0 139.669V24.883C0 11.1442 11.1913 -0.000549316 24.9875 -0.000549316H280.012C293.809 -0.000549316 305 11.1442 305 24.883V145.422L274.465 115.014Z\" fill=\"currentColor\"\/>\r\n                        <\/svg>                                   \r\n                      <\/div>\r\n                    <\/div>\r\n                  <\/div>\r\n\r\n                  \r\n                  \r\n\r\n                <\/div>\r\n              <\/div>\r\n              <div class=\"cs_height_120 cs_height_lg_70\"><\/div>\r\n            <\/section>\r\n\r\n    \t\t\t\t<\/div>\n\t\t\t\t<\/div>\n\t\t\t\t<div class=\"elementor-element elementor-element-abac5fe elementor-widget elementor-widget-html\" data-id=\"abac5fe\" data-element_type=\"widget\" data-e-type=\"widget\" data-widget_type=\"html.default\">\n\t\t\t\t<div class=\"elementor-widget-container\">\n\t\t\t\t\t<style>\n    @media screen and (max-width: 1199px) {\n    .cs_nav .cs_nav_list.cs_active {\n        padding-top: 150px;\n    }\n}\n<\/style>\t\t\t\t<\/div>\n\t\t\t\t<\/div>\n\t\t\t\t<\/div>\n\t\t\t\t<\/div>","protected":false},"excerpt":{"rendered":"<p>About Us Over 30 Years of Experience Founded with the mission of providing high-quality, reliable HVAC services, Ramnath Air Conditioning &amp; Mechanical has established itself as a leading company in the central Florida area. Our track record of more than ten years is a testament to our commitment to customer satisfaction and professionalism in every [&hellip;]<\/p>","protected":false},"author":1,"featured_media":0,"parent":0,"menu_order":0,"comment_status":"closed","ping_status":"closed","template":"elementor_header_footer","meta":{"_acf_changed":false,"footnotes":""},"class_list":["post-230","page","type-page","status-publish","hentry"],"acf":[],"_links":{"self":[{"href":"https:\/\/ramnathmechanical.com\/es\/wp-json\/wp\/v2\/pages\/230","targetHints":{"allow":["GET"]}}],"collection":[{"href":"https:\/\/ramnathmechanical.com\/es\/wp-json\/wp\/v2\/pages"}],"about":[{"href":"https:\/\/ramnathmechanical.com\/es\/wp-json\/wp\/v2\/types\/page"}],"author":[{"embeddable":true,"href":"https:\/\/ramnathmechanical.com\/es\/wp-json\/wp\/v2\/users\/1"}],"replies":[{"embeddable":true,"href":"https:\/\/ramnathmechanical.com\/es\/wp-json\/wp\/v2\/comments?post=230"}],"version-history":[{"count":27,"href":"https:\/\/ramnathmechanical.com\/es\/wp-json\/wp\/v2\/pages\/230\/revisions"}],"predecessor-version":[{"id":1504,"href":"https:\/\/ramnathmechanical.com\/es\/wp-json\/wp\/v2\/pages\/230\/revisions\/1504"}],"wp:attachment":[{"href":"https:\/\/ramnathmechanical.com\/es\/wp-json\/wp\/v2\/media?parent=230"}],"curies":[{"name":"wp","href":"https:\/\/api.w.org\/{rel}","templated":true}]}}