{"id":1273,"date":"2025-10-16T19:59:15","date_gmt":"2025-10-16T19:59:15","guid":{"rendered":"https:\/\/ramanath.beofalcon.com\/?page_id=1273"},"modified":"2025-11-11T23:11:38","modified_gmt":"2025-11-11T23:11:38","slug":"biografia","status":"publish","type":"page","link":"https:\/\/ramnathmechanical.com\/es\/biografia\/","title":{"rendered":"Biografia"},"content":{"rendered":"<div data-elementor-type=\"wp-page\" data-elementor-id=\"1273\" class=\"elementor elementor-1273\" data-elementor-post-type=\"page\">\n\t\t\t\t<div class=\"elementor-element elementor-element-97aa81e e-flex e-con-boxed e-con e-parent\" data-id=\"97aa81e\" data-element_type=\"container\" data-e-type=\"container\">\n\t\t\t\t\t<div class=\"e-con-inner\">\n\t\t\t\t<div class=\"elementor-element elementor-element-db4008c elementor-widget elementor-widget-about\" data-id=\"db4008c\" data-element_type=\"widget\" data-e-type=\"widget\" data-widget_type=\"about.default\">\n\t\t\t\t<div class=\"elementor-widget-container\">\n\t\t\t\t\t\r\n        \r\n        <section>\r\n              <div class=\"cs_height_120 cs_height_lg_80\"><\/div>\r\n              <div class=\"cs_about cs_style_1\">\r\n                <div class=\"container\">\r\n                  <div class=\"row align-items-center cs_gap_y_40\">\r\n                    <div class=\"col-xl-6 wow fadeInLeft\" data-wow-duration=\"0.9s\" data-wow-delay=\"0.25s\">\r\n                      <div class=\"cs_about_thumb\">\r\n                        <img decoding=\"async\" src=\"https:\/\/ramnathmechanical.com\/wp-content\/uploads\/2025\/05\/hero_img_2.png\" alt=\"\">\r\n                      <\/div>\r\n                    <\/div>\r\n                    <div class=\"col-xl-6\">\r\n                      <div class=\"cs_about_content\">\r\n                                                <div class=\"cs_section_heading cs_style_1 cs_mb_22\">\r\n                                                      <h3 class=\"cs_section_subtitle cs_accent_color text-uppercase cs_medium cs_fs_20 cs_mb_10\">\r\n                            <img decoding=\"async\" src=\"https:\/\/ramnathmechanical.com\/wp-content\/themes\/arkdin\/assets\/img\/icons\/fan.svg\" alt=\"about1\" class=\"cs_section_subheading_icon\">\r\n                            Biografia                          <\/h3>\r\n                                                   <h1 class=\"cs_section_title cs_fs_48 cs_semibold mb-\">Sheldon Ramnath \u2013 Jefe de Instalaciones e Infraestructura<\/h1>                   \r\n                        <\/div>\r\n                                                 <p class=\"cs_mb_30\">Con m\u00e1s de 20 a\u00f1os de experiencia en la industria comercial de HVAC, Sheldon Ramnath es un l\u00edder altamente capacitado en gesti\u00f3n de instalaciones, operaciones y propiedades. Como Jefe de Instalaciones e Infraestructura en ME Studios, es responsable de desarrollar y supervisar la infraestructura f\u00edsica y operativa del estudio. Su experiencia en gesti\u00f3n presupuestaria, optimizaci\u00f3n de sistemas y pr\u00e1cticas sostenibles de construcci\u00f3n garantiza que el crecimiento del estudio se base en una estructura s\u00f3lida y eficiente.\n<br><br>\nEl esp\u00edritu emprendedor de Sheldon se refleja en la propiedad de su propia empresa de HVAC, donde aplica su amplio conocimiento para ofrecer soluciones pr\u00e1cticas y rentables. Su liderazgo es fundamental para la visi\u00f3n de ME Studios de crear un entorno de producci\u00f3n de clase mundial, escalable y enfocado en la sostenibilidad y la excelencia operativa.\n<br><br>\nCon un enfoque en la planificaci\u00f3n de infraestructura a largo plazo, Sheldon est\u00e1 comprometido con alinear las instalaciones del estudio con sus objetivos creativos y estrat\u00e9gicos, convirti\u00e9ndolo en un actor clave en el \u00e9xito futuro del estudio.<\/p>\r\n                                                \r\n                        <div class=\"cs_list_2_wrap\">\r\n                          <ul class=\"cs_list cs_style_2 cs_mp_0 cs_fs_24 cs_semibold cs_heading_font\">\r\n                                                      <li><\/li>\r\n                                                     <\/ul>\r\n                          <div class=\"cs_list_experience\">\r\n                                                                                   <\/div>\r\n                        <\/div>\r\n                        <div class=\"cs_height_40 cs_height_lg_30\"><\/div>\r\n                        <div class=\"cs_about_btns\">\r\n                          <a href=\"https:\/\/ramnathmechanical.com\/es\/nosotros\/\" target=\"_self\" rel=\"nofollow\" class=\"cs_btn cs_style_1\">\r\n                            <span><\/span>\r\n                            <svg width=\"14\" height=\"13\" viewbox=\"0 0 14 13\" fill=\"none\" xmlns=\"http:\/\/www.w3.org\/2000\/svg\">\r\n                              <path d=\"M8.28125 0.71875L13.7812 5.96875C13.9271 6.11458 14 6.29167 14 6.5C14 6.70833 13.9271 6.88542 13.7812 7.03125L8.28125 12.2812C7.90625 12.5729 7.55208 12.5729 7.21875 12.2812C6.92708 11.9062 6.92708 11.5521 7.21875 11.2188L11.375 7.25H0.75C0.291667 7.20833 0.0416667 6.95833 0 6.5C0.0416667 6.04167 0.291667 5.79167 0.75 5.75H11.375L7.21875 1.78125C6.92708 1.44792 6.92708 1.09375 7.21875 0.71875C7.55208 0.427083 7.90625 0.427083 8.28125 0.71875Z\" fill=\"currentColor\"><\/path>\r\n                            <\/svg>                \r\n                          <\/a>\r\n                          <div class=\"cs_about_avatar\">\r\n                            <div class=\"cs_about_avatar_thumb\">\r\n                              <img decoding=\"async\" src=\"\" alt=\"\">\r\n                            <\/div>\r\n                            <div class=\"cs_about_phone_number_right\">\r\n                                                                                         <\/div>\r\n                          <\/div>\r\n                        <\/div>\r\n                      <\/div>\r\n                    <\/div>\r\n                  <\/div>\r\n                <\/div>\r\n              <\/div>\r\n              <div class=\"cs_height_120 cs_height_lg_80\"><\/div>\r\n            <\/section>       \r\n\r\n\r\n        \r\n    \t\t\t\t<\/div>\n\t\t\t\t<\/div>\n\t\t\t\t\t<\/div>\n\t\t\t\t<\/div>\n\t\t<div class=\"elementor-element elementor-element-29714bd e-flex e-con-boxed e-con e-parent\" data-id=\"29714bd\" data-element_type=\"container\" data-e-type=\"container\">\n\t\t\t\t\t<div class=\"e-con-inner\">\n\t\t<div class=\"elementor-element elementor-element-61b2a26 e-con-full e-flex e-con e-child\" data-id=\"61b2a26\" data-element_type=\"container\" data-e-type=\"container\">\n\t\t\t\t<div class=\"elementor-element elementor-element-6e0758e elementor-widget elementor-widget-html\" data-id=\"6e0758e\" data-element_type=\"widget\" data-e-type=\"widget\" data-widget_type=\"html.default\">\n\t\t\t\t<div class=\"elementor-widget-container\">\n\t\t\t\t\t<style>\n    .cs_about.cs_style_1 .cs_list_2_wrap{\n        display: none;\n    }\n    \n    .cs_about.cs_style_1 .cs_about_avatar_thumb{\n        display: none;\n    }\n    \n    .cs_about.cs_style_1 .cs_about_btns{\n        display: none;\n    }\n<\/style>\t\t\t\t<\/div>\n\t\t\t\t<\/div>\n\t\t\t\t<div class=\"elementor-element elementor-element-78a0dc9 elementor-widget elementor-widget-html\" data-id=\"78a0dc9\" data-element_type=\"widget\" data-e-type=\"widget\" data-widget_type=\"html.default\">\n\t\t\t\t<div class=\"elementor-widget-container\">\n\t\t\t\t\t<style>\n    @media screen and (max-width: 1199px) {\n    .cs_nav .cs_nav_list.cs_active {\n        padding-top: 150px;\n    }\n}\n<\/style>\t\t\t\t<\/div>\n\t\t\t\t<\/div>\n\t\t\t\t<\/div>\n\t\t\t\t\t<\/div>\n\t\t\t\t<\/div>\n\t\t\t\t<\/div>","protected":false},"excerpt":{"rendered":"<p>Biography Sheldon Ramnath \u2013 Head of Installations and Infrastructure With over 20 years of experience in the commercial HVAC industry, Sheldon Ramnath is a highly skilled leader in facility, operations, and property management. As Head of Installations and Infrastructure at ME Studios, he is responsible for developing and overseeing the studio\u2019s physical and operational infrastructure. [&hellip;]<\/p>","protected":false},"author":1,"featured_media":0,"parent":0,"menu_order":0,"comment_status":"closed","ping_status":"closed","template":"","meta":{"_acf_changed":false,"footnotes":""},"class_list":["post-1273","page","type-page","status-publish","hentry"],"acf":[],"_links":{"self":[{"href":"https:\/\/ramnathmechanical.com\/es\/wp-json\/wp\/v2\/pages\/1273","targetHints":{"allow":["GET"]}}],"collection":[{"href":"https:\/\/ramnathmechanical.com\/es\/wp-json\/wp\/v2\/pages"}],"about":[{"href":"https:\/\/ramnathmechanical.com\/es\/wp-json\/wp\/v2\/types\/page"}],"author":[{"embeddable":true,"href":"https:\/\/ramnathmechanical.com\/es\/wp-json\/wp\/v2\/users\/1"}],"replies":[{"embeddable":true,"href":"https:\/\/ramnathmechanical.com\/es\/wp-json\/wp\/v2\/comments?post=1273"}],"version-history":[{"count":11,"href":"https:\/\/ramnathmechanical.com\/es\/wp-json\/wp\/v2\/pages\/1273\/revisions"}],"predecessor-version":[{"id":1388,"href":"https:\/\/ramnathmechanical.com\/es\/wp-json\/wp\/v2\/pages\/1273\/revisions\/1388"}],"wp:attachment":[{"href":"https:\/\/ramnathmechanical.com\/es\/wp-json\/wp\/v2\/media?parent=1273"}],"curies":[{"name":"wp","href":"https:\/\/api.w.org\/{rel}","templated":true}]}}