{"id":1223,"date":"2025-09-29T23:46:00","date_gmt":"2025-09-29T23:46:00","guid":{"rendered":"https:\/\/ramanath.beofalcon.com\/?page_id=1223"},"modified":"2025-11-11T23:13:50","modified_gmt":"2025-11-11T23:13:50","slug":"terminos-y-condiciones-de-sms","status":"publish","type":"page","link":"https:\/\/ramnathmechanical.com\/es\/terminos-y-condiciones-de-sms\/","title":{"rendered":"T\u00e9rminos y condiciones de SMS"},"content":{"rendered":"<div data-elementor-type=\"wp-page\" data-elementor-id=\"1223\" class=\"elementor elementor-1223\" data-elementor-post-type=\"page\">\n\t\t\t\t<div class=\"elementor-element elementor-element-f3f9d60 e-flex e-con-boxed e-con e-parent\" data-id=\"f3f9d60\" data-element_type=\"container\" data-e-type=\"container\">\n\t\t\t\t\t<div class=\"e-con-inner\">\n\t\t\t\t<div class=\"elementor-element elementor-element-274ee2e elementor-widget elementor-widget-heading\" data-id=\"274ee2e\" data-element_type=\"widget\" data-e-type=\"widget\" data-widget_type=\"heading.default\">\n\t\t\t\t<div class=\"elementor-widget-container\">\n\t\t\t\t\t<p class=\"elementor-heading-title elementor-size-default\">Al optar por recibir SMS de Ramnath Air Conditioning, usted acepta recibir mensajes relacionados con sus servicios de HVAC, incluyendo confirmaciones de citas, recordatorios de servicio, notificaciones de llegada de t\u00e9cnicos y actualizaciones importantes sobre su cuenta o servicio.<\/p>\t\t\t\t<\/div>\n\t\t\t\t<\/div>\n\t\t\t\t<div class=\"elementor-element elementor-element-a7c2cd7 elementor-widget elementor-widget-heading\" data-id=\"a7c2cd7\" data-element_type=\"widget\" data-e-type=\"widget\" data-widget_type=\"heading.default\">\n\t\t\t\t<div class=\"elementor-widget-container\">\n\t\t\t\t\t<p class=\"elementor-heading-title elementor-size-default\"><b>Frecuencia de Mensajes:<\/b> La frecuencia de los mensajes puede variar seg\u00fan los servicios que solicite.<\/p>\t\t\t\t<\/div>\n\t\t\t\t<\/div>\n\t\t\t\t<div class=\"elementor-element elementor-element-f227811 elementor-widget elementor-widget-heading\" data-id=\"f227811\" data-element_type=\"widget\" data-e-type=\"widget\" data-widget_type=\"heading.default\">\n\t\t\t\t<div class=\"elementor-widget-container\">\n\t\t\t\t\t<p class=\"elementor-heading-title elementor-size-default\"><b>Tarifas de Mensajes y Datos:<\/b>  Pueden aplicarse tarifas de mensajes y datos seg\u00fan el plan de su operador m\u00f3vil.<\/p>\t\t\t\t<\/div>\n\t\t\t\t<\/div>\n\t\t\t\t<div class=\"elementor-element elementor-element-b614510 elementor-widget elementor-widget-heading\" data-id=\"b614510\" data-element_type=\"widget\" data-e-type=\"widget\" data-widget_type=\"heading.default\">\n\t\t\t\t<div class=\"elementor-widget-container\">\n\t\t\t\t\t<p class=\"elementor-heading-title elementor-size-default\"><b>Optar por Salir:<\/b> Puede dejar de recibir mensajes SMS en cualquier momento respondiendo STOP a cualquier mensaje que le enviemos. Despu\u00e9s de enviar STOP, le enviaremos un SMS de confirmaci\u00f3n y ya no recibir\u00e1 mensajes de nuestra parte.<\/p>\t\t\t\t<\/div>\n\t\t\t\t<\/div>\n\t\t\t\t<div class=\"elementor-element elementor-element-18ccdef elementor-widget elementor-widget-heading\" data-id=\"18ccdef\" data-element_type=\"widget\" data-e-type=\"widget\" data-widget_type=\"heading.default\">\n\t\t\t\t<div class=\"elementor-widget-container\">\n\t\t\t\t\t<p class=\"elementor-heading-title elementor-size-default\"><b>Ayuda: <\/b> Para obtener ayuda, responda HELP a cualquier SMS que le enviemos o cont\u00e1ctenos en:<\/p>\t\t\t\t<\/div>\n\t\t\t\t<\/div>\n\t\t\t\t<div class=\"elementor-element elementor-element-c49708f elementor-widget elementor-widget-heading\" data-id=\"c49708f\" data-element_type=\"widget\" data-e-type=\"widget\" data-widget_type=\"heading.default\">\n\t\t\t\t<div class=\"elementor-widget-container\">\n\t\t\t\t\t<p class=\"elementor-heading-title elementor-size-default\">\ud83d\udce7 ramnathairconditioning@gmail.com<\/p>\t\t\t\t<\/div>\n\t\t\t\t<\/div>\n\t\t\t\t<div class=\"elementor-element elementor-element-62315e5 elementor-widget elementor-widget-heading\" data-id=\"62315e5\" data-element_type=\"widget\" data-e-type=\"widget\" data-widget_type=\"heading.default\">\n\t\t\t\t<div class=\"elementor-widget-container\">\n\t\t\t\t\t<p class=\"elementor-heading-title elementor-size-default\">\ud83d\udcde 407-990-0043<\/p>\t\t\t\t<\/div>\n\t\t\t\t<\/div>\n\t\t\t\t\t<\/div>\n\t\t\t\t<\/div>\n\t\t<div class=\"elementor-element elementor-element-835610c e-flex e-con-boxed e-con e-parent\" data-id=\"835610c\" data-element_type=\"container\" data-e-type=\"container\">\n\t\t\t\t\t<div class=\"e-con-inner\">\n\t\t\t\t<div class=\"elementor-element elementor-element-aa530c9 elementor-widget elementor-widget-html\" data-id=\"aa530c9\" data-element_type=\"widget\" data-e-type=\"widget\" data-widget_type=\"html.default\">\n\t\t\t\t<div class=\"elementor-widget-container\">\n\t\t\t\t\t<style>\n    @media screen and (max-width: 1199px) {\n    .cs_nav .cs_nav_list.cs_active {\n        padding-top: 150px;\n    }\n}\n<\/style>\t\t\t\t<\/div>\n\t\t\t\t<\/div>\n\t\t\t\t\t<\/div>\n\t\t\t\t<\/div>\n\t\t\t\t<\/div>","protected":false},"excerpt":{"rendered":"<p>By opting to receive SMS messages from Ramnath Air Conditioning, you agree to receive texts related to your HVAC services, including appointment confirmations, service reminders, technician arrival notifications, and important updates about your account or service. Message Frequency: The frequency of messages may vary depending on the services you request. Message and Data Rates: Message [&hellip;]<\/p>","protected":false},"author":1,"featured_media":0,"parent":0,"menu_order":0,"comment_status":"closed","ping_status":"closed","template":"elementor_theme","meta":{"_acf_changed":false,"footnotes":""},"class_list":["post-1223","page","type-page","status-publish","hentry"],"acf":[],"_links":{"self":[{"href":"https:\/\/ramnathmechanical.com\/es\/wp-json\/wp\/v2\/pages\/1223","targetHints":{"allow":["GET"]}}],"collection":[{"href":"https:\/\/ramnathmechanical.com\/es\/wp-json\/wp\/v2\/pages"}],"about":[{"href":"https:\/\/ramnathmechanical.com\/es\/wp-json\/wp\/v2\/types\/page"}],"author":[{"embeddable":true,"href":"https:\/\/ramnathmechanical.com\/es\/wp-json\/wp\/v2\/users\/1"}],"replies":[{"embeddable":true,"href":"https:\/\/ramnathmechanical.com\/es\/wp-json\/wp\/v2\/comments?post=1223"}],"version-history":[{"count":26,"href":"https:\/\/ramnathmechanical.com\/es\/wp-json\/wp\/v2\/pages\/1223\/revisions"}],"predecessor-version":[{"id":1402,"href":"https:\/\/ramnathmechanical.com\/es\/wp-json\/wp\/v2\/pages\/1223\/revisions\/1402"}],"wp:attachment":[{"href":"https:\/\/ramnathmechanical.com\/es\/wp-json\/wp\/v2\/media?parent=1223"}],"curies":[{"name":"wp","href":"https:\/\/api.w.org\/{rel}","templated":true}]}}